{"id":4488,"date":"2021-12-01T22:12:15","date_gmt":"2021-12-01T21:12:15","guid":{"rendered":"https:\/\/www.biodiversite.net\/nouvelles\/"},"modified":"2022-05-09T11:06:36","modified_gmt":"2022-05-09T15:06:36","slug":"news","status":"publish","type":"page","link":"https:\/\/www.biodiversite.net\/en\/news\/","title":{"rendered":"News"},"content":{"rendered":"\t\t<div data-elementor-type=\"wp-page\" data-elementor-id=\"4488\" class=\"elementor elementor-4488 elementor-1506\" data-elementor-post-type=\"page\">\n\t\t\t\t\t\t<section class=\"elementor-section elementor-top-section elementor-element elementor-element-f6e504d elementor-section-boxed elementor-section-height-default elementor-section-height-default\" data-id=\"f6e504d\" data-element_type=\"section\" data-e-type=\"section\">\n\t\t\t\t\t\t\t<div class=\"elementor-background-overlay\"><\/div>\n\t\t\t\t\t\t\t<div class=\"elementor-container elementor-column-gap-default\">\n\t\t\t\t\t<div class=\"elementor-column elementor-col-100 elementor-top-column elementor-element elementor-element-d6a9de6\" data-id=\"d6a9de6\" data-element_type=\"column\" data-e-type=\"column\">\n\t\t\t<div class=\"elementor-widget-wrap elementor-element-populated\">\n\t\t\t\t<!-- dce invisible element 6a070e9 --><!-- dce invisible element 8738347 -->\t\t<div class=\"elementor-element elementor-element-40d1a35 elementor-widget elementor-widget-heading\" data-id=\"40d1a35\" data-element_type=\"widget\" data-e-type=\"widget\" data-settings=\"{&quot;enabled_visibility&quot;:&quot;yes&quot;,&quot;dce_visibility_selected&quot;:&quot;yes&quot;}\" data-widget_type=\"heading.default\">\n\t\t\t\t<div class=\"elementor-widget-container\">\n\t\t\t\t\t<h1 class=\"elementor-heading-title elementor-size-default\">News<\/h1>\t\t\t\t<\/div>\n\t\t\t\t<\/div>\n\t\t\t\t<div class=\"elementor-element elementor-element-7070276 elementor-widget elementor-widget-breadcrumbs\" data-id=\"7070276\" data-element_type=\"widget\" data-e-type=\"widget\" data-widget_type=\"breadcrumbs.default\">\n\t\t\t\t<div class=\"elementor-widget-container\">\n\t\t\t\t\t<nav id=\"breadcrumbs\"><span><span><a href=\"https:\/\/www.biodiversite.net\/en\/\">Home<\/a><\/span><\/span><\/nav>\t\t\t\t<\/div>\n\t\t\t\t<\/div>\n\t\t\t\t\t<\/div>\n\t\t<\/div>\n\t\t\t\t\t<\/div>\n\t\t<\/section>\n\t\t\t\t<section class=\"elementor-section elementor-top-section elementor-element elementor-element-5c01101 elementor-section-full_width elementor-section-height-default elementor-section-height-default\" data-id=\"5c01101\" data-element_type=\"section\" data-e-type=\"section\" data-settings=\"{&quot;background_background&quot;:&quot;classic&quot;}\">\n\t\t\t\t\t\t\t<div class=\"elementor-background-overlay\"><\/div>\n\t\t\t\t\t\t\t<div class=\"elementor-container elementor-column-gap-default\">\n\t\t\t\t\t<div class=\"elementor-column elementor-col-33 elementor-top-column elementor-element elementor-element-c7b733a\" data-id=\"c7b733a\" data-element_type=\"column\" data-e-type=\"column\" data-settings=\"{&quot;background_background&quot;:&quot;classic&quot;}\">\n\t\t\t<div class=\"elementor-widget-wrap elementor-element-populated\">\n\t\t\t\t\t<div class=\"elementor-background-overlay\"><\/div>\n\t\t\t\t\t\t<div class=\"elementor-element elementor-element-595d138 elementor-widget elementor-widget-spacer\" data-id=\"595d138\" data-element_type=\"widget\" data-e-type=\"widget\" data-widget_type=\"spacer.default\">\n\t\t\t\t<div class=\"elementor-widget-container\">\n\t\t\t\t\t\t\t<div class=\"elementor-spacer\">\n\t\t\t<div class=\"elementor-spacer-inner\"><\/div>\n\t\t<\/div>\n\t\t\t\t\t\t<\/div>\n\t\t\t\t<\/div>\n\t\t\t\t\t<\/div>\n\t\t<\/div>\n\t\t\t\t<div class=\"elementor-column elementor-col-33 elementor-top-column elementor-element elementor-element-534f559\" data-id=\"534f559\" data-element_type=\"column\" data-e-type=\"column\" data-settings=\"{&quot;background_background&quot;:&quot;classic&quot;}\">\n\t\t\t<div class=\"elementor-widget-wrap elementor-element-populated\">\n\t\t\t\t\t<div class=\"elementor-background-overlay\"><\/div>\n\t\t\t\t\t\t<div class=\"elementor-element elementor-element-39fb6e6 elementor-widget elementor-widget-spacer\" data-id=\"39fb6e6\" data-element_type=\"widget\" data-e-type=\"widget\" data-widget_type=\"spacer.default\">\n\t\t\t\t<div class=\"elementor-widget-container\">\n\t\t\t\t\t\t\t<div class=\"elementor-spacer\">\n\t\t\t<div class=\"elementor-spacer-inner\"><\/div>\n\t\t<\/div>\n\t\t\t\t\t\t<\/div>\n\t\t\t\t<\/div>\n\t\t\t\t\t<\/div>\n\t\t<\/div>\n\t\t\t\t<div class=\"elementor-column elementor-col-33 elementor-top-column elementor-element elementor-element-1a795ee\" data-id=\"1a795ee\" data-element_type=\"column\" data-e-type=\"column\" data-settings=\"{&quot;background_background&quot;:&quot;classic&quot;}\">\n\t\t\t<div class=\"elementor-widget-wrap elementor-element-populated\">\n\t\t\t\t\t<div class=\"elementor-background-overlay\"><\/div>\n\t\t\t\t\t\t<div class=\"elementor-element elementor-element-c35ae7c elementor-widget elementor-widget-spacer\" data-id=\"c35ae7c\" data-element_type=\"widget\" data-e-type=\"widget\" data-widget_type=\"spacer.default\">\n\t\t\t\t<div class=\"elementor-widget-container\">\n\t\t\t\t\t\t\t<div class=\"elementor-spacer\">\n\t\t\t<div class=\"elementor-spacer-inner\"><\/div>\n\t\t<\/div>\n\t\t\t\t\t\t<\/div>\n\t\t\t\t<\/div>\n\t\t\t\t\t<\/div>\n\t\t<\/div>\n\t\t\t\t\t<\/div>\n\t\t<\/section>\n\t\t\t\t<section class=\"elementor-section elementor-top-section elementor-element elementor-element-0e45671 elementor-section-boxed elementor-section-height-default elementor-section-height-default\" data-id=\"0e45671\" data-element_type=\"section\" data-e-type=\"section\">\n\t\t\t\t\t\t\t<div class=\"elementor-background-overlay\"><\/div>\n\t\t\t\t\t\t\t<div class=\"elementor-container elementor-column-gap-default\">\n\t\t\t\t\t<div class=\"elementor-column elementor-col-100 elementor-top-column elementor-element elementor-element-82c9cfb\" data-id=\"82c9cfb\" data-element_type=\"column\" data-e-type=\"column\">\n\t\t\t<div class=\"elementor-widget-wrap elementor-element-populated\">\n\t\t\t\t\t\t<div class=\"elementor-element elementor-element-1447290 elementor-widget elementor-widget-uael-posts\" data-id=\"1447290\" data-element_type=\"widget\" data-e-type=\"widget\" data-settings=\"{&quot;classic_slides_to_show&quot;:3,&quot;classic_slides_to_show_tablet&quot;:2,&quot;classic_slides_to_show_mobile&quot;:1,&quot;classic_pagination_type&quot;:&quot;ajax&quot;,&quot;classic_show_filters&quot;:&quot;no&quot;}\" data-widget_type=\"uael-posts.classic\">\n\t\t\t\t<div class=\"elementor-widget-container\">\n\t\t\t\t\t\t\t<div class=\"uael-post__header\">\n\t\t\t\t\t<\/div>\n\t\t<div class=\"uael-post__body\">\n\t\t\t\n\t\t\n\t\t<div class=\"uael-blog-terms-position- uael-post-image-top uael-post-grid uael-posts\" data-query-type=\"custom\" data-structure=\"masonry\" data-layout=\"masonry\" data-page=\"4488\" data-skin=\"classic\" data-filter-default=\"\" data-offset-top=\"30\" >\n\n\t\t\t\t\t\t\t<div class=\"uael-post-grid__inner uael-post__columns-3 uael-post__columns-tablet-2 uael-post__columns-mobile-1 uael-post-masonry\">\n\t\t\t\n<div class=\"uael-post-wrapper   uncategorized \">\n\t<div class=\"uael-post__bg-wrap uael-bg-wrap-disabled \">\n\n\t\t\t\t\n\t\t<div class=\"uael-post__inner-wrap uael-inner-wrap-disabled\">\n\n\t\t\t\t<div class=\"uael-post__thumbnail\">\n\t\t\t\n\t\t\t<a href=\"https:\/\/www.biodiversite.net\/en\/echoes-of-origins-the-success-of-2021\/\" target=\"_self\" title=\"Echoes of Origins, the success of 2021\"><img fetchpriority=\"high\" decoding=\"async\" width=\"1920\" height=\"900\" src=\"https:\/\/www.biodiversite.net\/wp-content\/uploads\/2021\/09\/bg-echo-1.png\" class=\"attachment-full size-full wp-image-3183\" alt=\"L&#039;\u00e9chos des origines\" srcset=\"https:\/\/www.biodiversite.net\/wp-content\/uploads\/2021\/09\/bg-echo-1.png 1920w, https:\/\/www.biodiversite.net\/wp-content\/uploads\/2021\/09\/bg-echo-1-600x281.png 600w, https:\/\/www.biodiversite.net\/wp-content\/uploads\/2021\/09\/bg-echo-1-300x141.png 300w, https:\/\/www.biodiversite.net\/wp-content\/uploads\/2021\/09\/bg-echo-1-1024x480.png 1024w, https:\/\/www.biodiversite.net\/wp-content\/uploads\/2021\/09\/bg-echo-1-768x360.png 768w, https:\/\/www.biodiversite.net\/wp-content\/uploads\/2021\/09\/bg-echo-1-1536x720.png 1536w\" sizes=\"(max-width: 1920px) 100vw, 1920px\" \/><\/a>\n\t\t\t\t\t<\/div>\n\t\t\n\t\t\t\n\t\t\t<div class=\"uael-post__content-wrap uael-content-wrap-disabled\">\n\t\t\t\t\t<h3 class=\"uael-post__title\">\n\n\t\t\n\t\t\t\t\t\t<a href=\"https:\/\/www.biodiversite.net\/en\/echoes-of-origins-the-success-of-2021\/\" target=\"_self\">\n\t\t\t\tEchoes of Origins, the success of 2021\t\t\t<\/a>\n\n\t\t\t\t<\/h3>\n\t\t\t\t\t<div class=\"uael-post__meta-data\">\n\t\t\t\t\t<span class=\"uael-post__date\">\n\t\t\t\t\t\t\t\t\t\t\t\t\t\t\t\t\t\t\t\t\t\t\n\t\t\t1 November 2021\t\t<\/span>\n\t\t\t\t<\/div>\n\t\t\n\t\t<div class=\"uael-post__excerpt\">\n\t\t\tAfter a successful first year of operations in 2019, the interactive nighttime tour was paused for summer&nbsp;2020 to take some time to adjust to the ...\t\t<\/div>\n\n\t\t\t\t\t<a class=\"uael-post__read-more elementor-button\" href=\"https:\/\/www.biodiversite.net\/en\/echoes-of-origins-the-success-of-2021\/\" target=\"_self\" aria-labelledby=\"uael-post-4364\">\n\t\t\t\t\t<span class=\"elementor-button-content-wrapper\">\n\t\t\t\t\t\t\t\t\t\t\t\t\t\t<span class=\"elementor-button-icon elementor-align-icon-left\">\n\n\t\t\t\t\t\t\t\t\t\n\t\t\t\t\t\t\t\t<\/span>\n\t\t\t\t\t\t\t\t\t\t\t\t\t\n\t\t\t\t\t\t<span class=\"elementor-button-text\" id=uael-post-4364>Lire la suite<\/span>\n\t\t\t\t\t<\/span>\n\t\t\t\t<\/a>\n\t\t\t\t\t\t<\/div>\n\t\t\t\n\t\t<\/div>\n\t\t\n\t<\/div>\n\n<\/div>\n\t\t\t\t<\/div>\n\t\t\t\t\t\t\n\t\t<\/div>\n\n\t\t\t\t\t\t<\/div>\n\t\t<div class=\"uael-post__footer\">\n\t\t\t\t\t<\/div>\n\t\t\t\t\t\t<\/div>\n\t\t\t\t<\/div>\n\t\t\t\t\t<\/div>\n\t\t<\/div>\n\t\t\t\t\t<\/div>\n\t\t<\/section>\n\t\t\t\t<\/div>\n\t\t","protected":false},"excerpt":{"rendered":"<p>Tickets Nouvelles Carte acc\u00e8s mus\u00e9e \u2013 Famille tout inclus 2 avril 2022 L\u2019initiative de la Carte Acc\u00e8s Mus\u00e9e est la premi\u00e8re action mise en place par Famille tout inclus. Comme un livre, la Carte Acc\u00e8s Mus\u00e9e se \u2026 Lire la suite Nouvelle exposition : La nature du Saint-Laurent 1 d\u00e9cembre 2021 Plusieurs th\u00e9matiques y sont [&hellip;]<\/p>\n","protected":false},"author":1,"featured_media":0,"parent":0,"menu_order":0,"comment_status":"closed","ping_status":"closed","template":"","meta":{"_acf_changed":false,"site-sidebar-layout":"no-sidebar","site-content-layout":"page-builder","ast-site-content-layout":"default","site-content-style":"default","site-sidebar-style":"default","ast-global-header-display":"","ast-banner-title-visibility":"","ast-main-header-display":"disabled","ast-hfb-above-header-display":"","ast-hfb-below-header-display":"","ast-hfb-mobile-header-display":"disabled","site-post-title":"disabled","ast-breadcrumbs-content":"disabled","ast-featured-img":"disabled","footer-sml-layout":"disabled","ast-disable-related-posts":"","theme-transparent-header-meta":"default","adv-header-id-meta":"","stick-header-meta":"","header-above-stick-meta":"","header-main-stick-meta":"","header-below-stick-meta":"","astra-migrate-meta-layouts":"default","ast-page-background-enabled":"default","ast-page-background-meta":{"desktop":{"background-color":"","background-image":"","background-repeat":"repeat","background-position":"center center","background-size":"auto","background-attachment":"scroll","background-type":"","background-media":"","overlay-type":"","overlay-color":"","overlay-opacity":"","overlay-gradient":""},"tablet":{"background-color":"","background-image":"","background-repeat":"repeat","background-position":"center center","background-size":"auto","background-attachment":"scroll","background-type":"","background-media":"","overlay-type":"","overlay-color":"","overlay-opacity":"","overlay-gradient":""},"mobile":{"background-color":"","background-image":"","background-repeat":"repeat","background-position":"center center","background-size":"auto","background-attachment":"scroll","background-type":"","background-media":"","overlay-type":"","overlay-color":"","overlay-opacity":"","overlay-gradient":""}},"ast-content-background-meta":{"desktop":{"background-color":"var(--ast-global-color-5)","background-image":"","background-repeat":"repeat","background-position":"center center","background-size":"auto","background-attachment":"scroll","background-type":"","background-media":"","overlay-type":"","overlay-color":"","overlay-opacity":"","overlay-gradient":""},"tablet":{"background-color":"var(--ast-global-color-5)","background-image":"","background-repeat":"repeat","background-position":"center center","background-size":"auto","background-attachment":"scroll","background-type":"","background-media":"","overlay-type":"","overlay-color":"","overlay-opacity":"","overlay-gradient":""},"mobile":{"background-color":"var(--ast-global-color-5)","background-image":"","background-repeat":"repeat","background-position":"center center","background-size":"auto","background-attachment":"scroll","background-type":"","background-media":"","overlay-type":"","overlay-color":"","overlay-opacity":"","overlay-gradient":""}},"footnotes":""},"class_list":["post-4488","page","type-page","status-publish","hentry"],"acf":[],"yoast_head":"<!-- This site is optimized with the Yoast SEO plugin v27.4 - https:\/\/yoast.com\/product\/yoast-seo-wordpress\/ -->\n<title>News - Mus\u00e9e de la biodiversit\u00e9 du Qu\u00e9bec<\/title>\n<meta name=\"description\" content=\"Follow our news in our &quot;news&quot; section.\" \/>\n<meta name=\"robots\" content=\"index, follow, max-snippet:-1, max-image-preview:large, max-video-preview:-1\" \/>\n<link rel=\"canonical\" href=\"https:\/\/www.biodiversite.net\/en\/news\/\" \/>\n<meta property=\"og:locale\" content=\"en_US\" \/>\n<meta property=\"og:type\" content=\"article\" \/>\n<meta property=\"og:title\" content=\"News - Mus\u00e9e de la biodiversit\u00e9 du Qu\u00e9bec\" \/>\n<meta property=\"og:description\" content=\"Follow our news in our &quot;news&quot; section.\" \/>\n<meta property=\"og:url\" content=\"https:\/\/www.biodiversite.net\/en\/news\/\" \/>\n<meta property=\"og:site_name\" content=\"Mus\u00e9e de la biodiversit\u00e9 du Qu\u00e9bec\" \/>\n<meta property=\"article:modified_time\" content=\"2022-05-09T15:06:36+00:00\" \/>\n<meta property=\"og:image\" content=\"https:\/\/www.biodiversite.net\/wp-content\/uploads\/2022\/04\/Musee-de-la-bio-1024x538.jpg\" \/>\n<meta name=\"twitter:card\" content=\"summary_large_image\" \/>\n<meta name=\"twitter:label1\" content=\"Est. reading time\" \/>\n\t<meta name=\"twitter:data1\" content=\"2 minutes\" \/>\n<script type=\"application\/ld+json\" class=\"yoast-schema-graph\">{\"@context\":\"https:\\\/\\\/schema.org\",\"@graph\":[{\"@type\":\"WebPage\",\"@id\":\"https:\\\/\\\/www.biodiversite.net\\\/en\\\/news\\\/\",\"url\":\"https:\\\/\\\/www.biodiversite.net\\\/en\\\/news\\\/\",\"name\":\"News - Mus\u00e9e de la biodiversit\u00e9 du Qu\u00e9bec\",\"isPartOf\":{\"@id\":\"https:\\\/\\\/www.biodiversite.net\\\/en\\\/#website\"},\"primaryImageOfPage\":{\"@id\":\"https:\\\/\\\/www.biodiversite.net\\\/en\\\/news\\\/#primaryimage\"},\"image\":{\"@id\":\"https:\\\/\\\/www.biodiversite.net\\\/en\\\/news\\\/#primaryimage\"},\"thumbnailUrl\":\"https:\\\/\\\/www.biodiversite.net\\\/wp-content\\\/uploads\\\/2022\\\/04\\\/Carta-acces-musee-1.webp\",\"datePublished\":\"2021-12-01T21:12:15+00:00\",\"dateModified\":\"2022-05-09T15:06:36+00:00\",\"description\":\"Follow our news in our \\\"news\\\" section.\",\"breadcrumb\":{\"@id\":\"https:\\\/\\\/www.biodiversite.net\\\/en\\\/news\\\/#breadcrumb\"},\"inLanguage\":\"en-US\",\"potentialAction\":[{\"@type\":\"ReadAction\",\"target\":[\"https:\\\/\\\/www.biodiversite.net\\\/en\\\/news\\\/\"]}]},{\"@type\":\"ImageObject\",\"inLanguage\":\"en-US\",\"@id\":\"https:\\\/\\\/www.biodiversite.net\\\/en\\\/news\\\/#primaryimage\",\"url\":\"https:\\\/\\\/www.biodiversite.net\\\/wp-content\\\/uploads\\\/2022\\\/04\\\/Carta-acces-musee-1.webp\",\"contentUrl\":\"https:\\\/\\\/www.biodiversite.net\\\/wp-content\\\/uploads\\\/2022\\\/04\\\/Carta-acces-musee-1.webp\"},{\"@type\":\"BreadcrumbList\",\"@id\":\"https:\\\/\\\/www.biodiversite.net\\\/en\\\/news\\\/#breadcrumb\",\"itemListElement\":[{\"@type\":\"ListItem\",\"position\":1,\"name\":\"Home\",\"item\":\"https:\\\/\\\/www.biodiversite.net\\\/en\\\/\"},{\"@type\":\"ListItem\",\"position\":2,\"name\":\"News\"}]},{\"@type\":\"WebSite\",\"@id\":\"https:\\\/\\\/www.biodiversite.net\\\/en\\\/#website\",\"url\":\"https:\\\/\\\/www.biodiversite.net\\\/en\\\/\",\"name\":\"Mus\u00e9e de la biodiversit\u00e9 du Qu\u00e9bec\",\"description\":\"Centre d&#039;interpr\u00e9tation sur les esp\u00e8ces animales et la nature\",\"publisher\":{\"@id\":\"https:\\\/\\\/www.biodiversite.net\\\/en\\\/#organization\"},\"potentialAction\":[{\"@type\":\"SearchAction\",\"target\":{\"@type\":\"EntryPoint\",\"urlTemplate\":\"https:\\\/\\\/www.biodiversite.net\\\/en\\\/?s={search_term_string}\"},\"query-input\":{\"@type\":\"PropertyValueSpecification\",\"valueRequired\":true,\"valueName\":\"search_term_string\"}}],\"inLanguage\":\"en-US\"},{\"@type\":\"Organization\",\"@id\":\"https:\\\/\\\/www.biodiversite.net\\\/en\\\/#organization\",\"name\":\"Mus\u00e9e de la biodiversit\u00e9 du Qu\u00e9bec\",\"url\":\"https:\\\/\\\/www.biodiversite.net\\\/en\\\/\",\"logo\":{\"@type\":\"ImageObject\",\"inLanguage\":\"en-US\",\"@id\":\"https:\\\/\\\/www.biodiversite.net\\\/en\\\/#\\\/schema\\\/logo\\\/image\\\/\",\"url\":\"https:\\\/\\\/www.biodiversite.net\\\/wp-content\\\/uploads\\\/2021\\\/05\\\/Biodiversite_logo_final_Couleur_blanc.png\",\"contentUrl\":\"https:\\\/\\\/www.biodiversite.net\\\/wp-content\\\/uploads\\\/2021\\\/05\\\/Biodiversite_logo_final_Couleur_blanc.png\",\"width\":700,\"height\":535,\"caption\":\"Mus\u00e9e de la biodiversit\u00e9 du Qu\u00e9bec\"},\"image\":{\"@id\":\"https:\\\/\\\/www.biodiversite.net\\\/en\\\/#\\\/schema\\\/logo\\\/image\\\/\"}}]}<\/script>\n<!-- \/ Yoast SEO plugin. -->","yoast_head_json":{"title":"News - Mus\u00e9e de la biodiversit\u00e9 du Qu\u00e9bec","description":"Follow our news in our \"news\" section.","robots":{"index":"index","follow":"follow","max-snippet":"max-snippet:-1","max-image-preview":"max-image-preview:large","max-video-preview":"max-video-preview:-1"},"canonical":"https:\/\/www.biodiversite.net\/en\/news\/","og_locale":"en_US","og_type":"article","og_title":"News - Mus\u00e9e de la biodiversit\u00e9 du Qu\u00e9bec","og_description":"Follow our news in our \"news\" section.","og_url":"https:\/\/www.biodiversite.net\/en\/news\/","og_site_name":"Mus\u00e9e de la biodiversit\u00e9 du Qu\u00e9bec","article_modified_time":"2022-05-09T15:06:36+00:00","og_image":[{"url":"https:\/\/www.biodiversite.net\/wp-content\/uploads\/2022\/04\/Musee-de-la-bio-1024x538.jpg","type":"","width":"","height":""}],"twitter_card":"summary_large_image","twitter_misc":{"Est. reading time":"2 minutes"},"schema":{"@context":"https:\/\/schema.org","@graph":[{"@type":"WebPage","@id":"https:\/\/www.biodiversite.net\/en\/news\/","url":"https:\/\/www.biodiversite.net\/en\/news\/","name":"News - Mus\u00e9e de la biodiversit\u00e9 du Qu\u00e9bec","isPartOf":{"@id":"https:\/\/www.biodiversite.net\/en\/#website"},"primaryImageOfPage":{"@id":"https:\/\/www.biodiversite.net\/en\/news\/#primaryimage"},"image":{"@id":"https:\/\/www.biodiversite.net\/en\/news\/#primaryimage"},"thumbnailUrl":"https:\/\/www.biodiversite.net\/wp-content\/uploads\/2022\/04\/Carta-acces-musee-1.webp","datePublished":"2021-12-01T21:12:15+00:00","dateModified":"2022-05-09T15:06:36+00:00","description":"Follow our news in our \"news\" section.","breadcrumb":{"@id":"https:\/\/www.biodiversite.net\/en\/news\/#breadcrumb"},"inLanguage":"en-US","potentialAction":[{"@type":"ReadAction","target":["https:\/\/www.biodiversite.net\/en\/news\/"]}]},{"@type":"ImageObject","inLanguage":"en-US","@id":"https:\/\/www.biodiversite.net\/en\/news\/#primaryimage","url":"https:\/\/www.biodiversite.net\/wp-content\/uploads\/2022\/04\/Carta-acces-musee-1.webp","contentUrl":"https:\/\/www.biodiversite.net\/wp-content\/uploads\/2022\/04\/Carta-acces-musee-1.webp"},{"@type":"BreadcrumbList","@id":"https:\/\/www.biodiversite.net\/en\/news\/#breadcrumb","itemListElement":[{"@type":"ListItem","position":1,"name":"Home","item":"https:\/\/www.biodiversite.net\/en\/"},{"@type":"ListItem","position":2,"name":"News"}]},{"@type":"WebSite","@id":"https:\/\/www.biodiversite.net\/en\/#website","url":"https:\/\/www.biodiversite.net\/en\/","name":"Mus\u00e9e de la biodiversit\u00e9 du Qu\u00e9bec","description":"Centre d&#039;interpr\u00e9tation sur les esp\u00e8ces animales et la nature","publisher":{"@id":"https:\/\/www.biodiversite.net\/en\/#organization"},"potentialAction":[{"@type":"SearchAction","target":{"@type":"EntryPoint","urlTemplate":"https:\/\/www.biodiversite.net\/en\/?s={search_term_string}"},"query-input":{"@type":"PropertyValueSpecification","valueRequired":true,"valueName":"search_term_string"}}],"inLanguage":"en-US"},{"@type":"Organization","@id":"https:\/\/www.biodiversite.net\/en\/#organization","name":"Mus\u00e9e de la biodiversit\u00e9 du Qu\u00e9bec","url":"https:\/\/www.biodiversite.net\/en\/","logo":{"@type":"ImageObject","inLanguage":"en-US","@id":"https:\/\/www.biodiversite.net\/en\/#\/schema\/logo\/image\/","url":"https:\/\/www.biodiversite.net\/wp-content\/uploads\/2021\/05\/Biodiversite_logo_final_Couleur_blanc.png","contentUrl":"https:\/\/www.biodiversite.net\/wp-content\/uploads\/2021\/05\/Biodiversite_logo_final_Couleur_blanc.png","width":700,"height":535,"caption":"Mus\u00e9e de la biodiversit\u00e9 du Qu\u00e9bec"},"image":{"@id":"https:\/\/www.biodiversite.net\/en\/#\/schema\/logo\/image\/"}}]}},"_links":{"self":[{"href":"https:\/\/www.biodiversite.net\/en\/wp-json\/wp\/v2\/pages\/4488","targetHints":{"allow":["GET"]}}],"collection":[{"href":"https:\/\/www.biodiversite.net\/en\/wp-json\/wp\/v2\/pages"}],"about":[{"href":"https:\/\/www.biodiversite.net\/en\/wp-json\/wp\/v2\/types\/page"}],"author":[{"embeddable":true,"href":"https:\/\/www.biodiversite.net\/en\/wp-json\/wp\/v2\/users\/1"}],"replies":[{"embeddable":true,"href":"https:\/\/www.biodiversite.net\/en\/wp-json\/wp\/v2\/comments?post=4488"}],"version-history":[{"count":9,"href":"https:\/\/www.biodiversite.net\/en\/wp-json\/wp\/v2\/pages\/4488\/revisions"}],"predecessor-version":[{"id":16277,"href":"https:\/\/www.biodiversite.net\/en\/wp-json\/wp\/v2\/pages\/4488\/revisions\/16277"}],"wp:attachment":[{"href":"https:\/\/www.biodiversite.net\/en\/wp-json\/wp\/v2\/media?parent=4488"}],"curies":[{"name":"wp","href":"https:\/\/api.w.org\/{rel}","templated":true}]}}