{"id":26196,"date":"2023-03-31T11:30:42","date_gmt":"2023-03-31T15:30:42","guid":{"rendered":"https:\/\/www.biodiversite.net\/articles-scientifiques\/"},"modified":"2023-04-14T10:35:48","modified_gmt":"2023-04-14T14:35:48","slug":"scientific-articles","status":"publish","type":"page","link":"https:\/\/www.biodiversite.net\/en\/scientific-articles\/","title":{"rendered":"Scientific articles"},"content":{"rendered":"\t\t<div data-elementor-type=\"wp-page\" data-elementor-id=\"26196\" class=\"elementor elementor-26196 elementor-26168\" data-elementor-post-type=\"page\">\n\t\t\t\t\t\t<section class=\"elementor-section elementor-top-section elementor-element elementor-element-044edef elementor-section-boxed elementor-section-height-default elementor-section-height-default\" data-id=\"044edef\" data-element_type=\"section\" data-e-type=\"section\">\n\t\t\t\t\t\t\t<div class=\"elementor-background-overlay\"><\/div>\n\t\t\t\t\t\t\t<div class=\"elementor-container elementor-column-gap-default\">\n\t\t\t\t\t<div class=\"elementor-column elementor-col-100 elementor-top-column elementor-element elementor-element-2522409\" data-id=\"2522409\" data-element_type=\"column\" data-e-type=\"column\">\n\t\t\t<div class=\"elementor-widget-wrap elementor-element-populated\">\n\t\t\t\t\t\t<div class=\"elementor-element elementor-element-5da08d9 elementor-widget elementor-widget-heading\" data-id=\"5da08d9\" data-element_type=\"widget\" data-e-type=\"widget\" data-widget_type=\"heading.default\">\n\t\t\t\t<div class=\"elementor-widget-container\">\n\t\t\t\t\t<h1 class=\"elementor-heading-title elementor-size-default\">Scientific articles<\/h1>\t\t\t\t<\/div>\n\t\t\t\t<\/div>\n\t\t\t\t<div class=\"elementor-element elementor-element-d713ab8 elementor-widget elementor-widget-breadcrumbs\" data-id=\"d713ab8\" data-element_type=\"widget\" data-e-type=\"widget\" data-widget_type=\"breadcrumbs.default\">\n\t\t\t\t<div class=\"elementor-widget-container\">\n\t\t\t\t\t<nav id=\"breadcrumbs\"><span><span><a href=\"https:\/\/www.biodiversite.net\/en\/\">Home<\/a><\/span><\/span><\/nav>\t\t\t\t<\/div>\n\t\t\t\t<\/div>\n\t\t\t\t\t<\/div>\n\t\t<\/div>\n\t\t\t\t\t<\/div>\n\t\t<\/section>\n\t\t\t\t<section class=\"elementor-section elementor-top-section elementor-element elementor-element-eb6fb75 elementor-section-full_width elementor-section-height-default elementor-section-height-default\" data-id=\"eb6fb75\" data-element_type=\"section\" data-e-type=\"section\" data-settings=\"{&quot;background_background&quot;:&quot;classic&quot;}\">\n\t\t\t\t\t\t\t<div class=\"elementor-background-overlay\"><\/div>\n\t\t\t\t\t\t\t<div class=\"elementor-container elementor-column-gap-default\">\n\t\t\t\t\t<div class=\"elementor-column elementor-col-33 elementor-top-column elementor-element elementor-element-3ea9728\" data-id=\"3ea9728\" data-element_type=\"column\" data-e-type=\"column\" data-settings=\"{&quot;background_background&quot;:&quot;classic&quot;}\">\n\t\t\t<div class=\"elementor-widget-wrap elementor-element-populated\">\n\t\t\t\t\t<div class=\"elementor-background-overlay\"><\/div>\n\t\t\t\t\t\t<div class=\"elementor-element elementor-element-046fc9a elementor-widget elementor-widget-spacer\" data-id=\"046fc9a\" data-element_type=\"widget\" data-e-type=\"widget\" data-widget_type=\"spacer.default\">\n\t\t\t\t<div class=\"elementor-widget-container\">\n\t\t\t\t\t\t\t<div class=\"elementor-spacer\">\n\t\t\t<div class=\"elementor-spacer-inner\"><\/div>\n\t\t<\/div>\n\t\t\t\t\t\t<\/div>\n\t\t\t\t<\/div>\n\t\t\t\t\t<\/div>\n\t\t<\/div>\n\t\t\t\t<div class=\"elementor-column elementor-col-33 elementor-top-column elementor-element elementor-element-acae732\" data-id=\"acae732\" data-element_type=\"column\" data-e-type=\"column\" data-settings=\"{&quot;background_background&quot;:&quot;classic&quot;}\">\n\t\t\t<div class=\"elementor-widget-wrap elementor-element-populated\">\n\t\t\t\t\t<div class=\"elementor-background-overlay\"><\/div>\n\t\t\t\t\t\t<div class=\"elementor-element elementor-element-88cb624 elementor-widget elementor-widget-spacer\" data-id=\"88cb624\" data-element_type=\"widget\" data-e-type=\"widget\" data-widget_type=\"spacer.default\">\n\t\t\t\t<div class=\"elementor-widget-container\">\n\t\t\t\t\t\t\t<div class=\"elementor-spacer\">\n\t\t\t<div class=\"elementor-spacer-inner\"><\/div>\n\t\t<\/div>\n\t\t\t\t\t\t<\/div>\n\t\t\t\t<\/div>\n\t\t\t\t\t<\/div>\n\t\t<\/div>\n\t\t\t\t<div class=\"elementor-column elementor-col-33 elementor-top-column elementor-element elementor-element-c7f669c\" data-id=\"c7f669c\" data-element_type=\"column\" data-e-type=\"column\" data-settings=\"{&quot;background_background&quot;:&quot;classic&quot;}\">\n\t\t\t<div class=\"elementor-widget-wrap elementor-element-populated\">\n\t\t\t\t\t<div class=\"elementor-background-overlay\"><\/div>\n\t\t\t\t\t\t<div class=\"elementor-element elementor-element-d3e6cd3 elementor-widget elementor-widget-spacer\" data-id=\"d3e6cd3\" data-element_type=\"widget\" data-e-type=\"widget\" data-widget_type=\"spacer.default\">\n\t\t\t\t<div class=\"elementor-widget-container\">\n\t\t\t\t\t\t\t<div class=\"elementor-spacer\">\n\t\t\t<div class=\"elementor-spacer-inner\"><\/div>\n\t\t<\/div>\n\t\t\t\t\t\t<\/div>\n\t\t\t\t<\/div>\n\t\t\t\t\t<\/div>\n\t\t<\/div>\n\t\t\t\t\t<\/div>\n\t\t<\/section>\n\t\t\t\t<section class=\"elementor-section elementor-top-section elementor-element elementor-element-6daf6f1 elementor-section-boxed elementor-section-height-default elementor-section-height-default\" data-id=\"6daf6f1\" data-element_type=\"section\" data-e-type=\"section\">\n\t\t\t\t\t\t\t<div class=\"elementor-background-overlay\"><\/div>\n\t\t\t\t\t\t\t<div class=\"elementor-container elementor-column-gap-default\">\n\t\t\t\t\t<div class=\"elementor-column elementor-col-100 elementor-top-column elementor-element elementor-element-dfa4fd0\" data-id=\"dfa4fd0\" data-element_type=\"column\" data-e-type=\"column\">\n\t\t\t<div class=\"elementor-widget-wrap elementor-element-populated\">\n\t\t\t\t\t\t<div class=\"elementor-element elementor-element-2529312 elementor-widget elementor-widget-uael-posts\" data-id=\"2529312\" data-element_type=\"widget\" data-e-type=\"widget\" data-settings=\"{&quot;classic_slides_to_show&quot;:3,&quot;classic_slides_to_show_tablet&quot;:2,&quot;classic_slides_to_show_mobile&quot;:1,&quot;classic_pagination_type&quot;:&quot;ajax&quot;,&quot;classic_show_filters&quot;:&quot;no&quot;}\" data-widget_type=\"uael-posts.classic\">\n\t\t\t\t<div class=\"elementor-widget-container\">\n\t\t\t\t\t\t\t<div class=\"uael-post__header\">\n\t\t\t\t\t<\/div>\n\t\t<div class=\"uael-post__body\">\n\t\t\t\n\t\t\n\t\t<div class=\"uael-blog-terms-position- uael-post-image-top uael-post-grid uael-posts\" data-query-type=\"custom\" data-structure=\"masonry\" data-layout=\"masonry\" data-page=\"26196\" data-skin=\"classic\" data-filter-default=\"\" data-offset-top=\"30\" >\n\n\t\t\t\t\t\t\t<div class=\"uael-post-grid__inner uael-post__columns-3 uael-post__columns-tablet-2 uael-post__columns-mobile-1 uael-post-masonry\">\n\t\t\t\n<div class=\"uael-post-wrapper   \">\n\t<div class=\"uael-post__bg-wrap uael-bg-wrap-disabled \">\n\n\t\t\t\t\n\t\t<div class=\"uael-post__inner-wrap uael-inner-wrap-disabled\">\n\n\t\t\t\t<div class=\"uael-post__thumbnail\">\n\t\t\t\n\t\t\t<a href=\"https:\/\/www.biodiversite.net\/en\/article-scientifique\/renards-et-rongeurs\/\" target=\"_self\" title=\"Foxes and rodents\"><img fetchpriority=\"high\" decoding=\"async\" width=\"1920\" height=\"1280\" src=\"https:\/\/www.biodiversite.net\/wp-content\/uploads\/2023\/03\/AdobeStock_485498414-e1680284343642.jpeg\" class=\"attachment-full size-full wp-image-26213\" alt=\"\" \/><\/a>\n\t\t\t\t\t<\/div>\n\t\t\n\t\t\t\n\t\t\t<div class=\"uael-post__content-wrap uael-content-wrap-disabled\">\n\t\t\t\t\t<h3 class=\"uael-post__title\">\n\n\t\t\n\t\t\t\t\t\t<a href=\"https:\/\/www.biodiversite.net\/en\/article-scientifique\/renards-et-rongeurs\/\" target=\"_self\">\n\t\t\t\tFoxes and rodents\t\t\t<\/a>\n\n\t\t\t\t<\/h3>\n\t\t\t\t\t<div class=\"uael-post__meta-data\">\n\t\t\t\t\t<span class=\"uael-post__date\">\n\t\t\t\t\t\t\t\t\t\t\t\t\t\t\t\t\t\t\t\t\t\t\n\t\t\t31 March 2023\t\t<\/span>\n\t\t\t\t<\/div>\n\t\t\n\t\t<div class=\"uael-post__excerpt\">\n\t\t\tWe&#8217;ve all seen the silky, bright orange coat of a red fox against the snow. But did you know that their survival depends on tiny, ...\t\t<\/div>\n\n\t\t\t\t\t<a class=\"uael-post__read-more elementor-button\" href=\"https:\/\/www.biodiversite.net\/en\/article-scientifique\/renards-et-rongeurs\/\" target=\"_self\" aria-labelledby=\"uael-post-26189\">\n\t\t\t\t\t<span class=\"elementor-button-content-wrapper\">\n\t\t\t\t\t\t\t\t\t\t\t\t\t\t<span class=\"elementor-button-icon elementor-align-icon-left\">\n\n\t\t\t\t\t\t\t\t\t\n\t\t\t\t\t\t\t\t<\/span>\n\t\t\t\t\t\t\t\t\t\t\t\t\t\n\t\t\t\t\t\t<span class=\"elementor-button-text\" id=uael-post-26189>See the details<\/span>\n\t\t\t\t\t<\/span>\n\t\t\t\t<\/a>\n\t\t\t\t\t\t<\/div>\n\t\t\t\n\t\t<\/div>\n\t\t\n\t<\/div>\n\n<\/div>\n\t\t\t\t<\/div>\n\t\t\t\t\t\t\n\t\t<\/div>\n\n\t\t\t\t\t\t<\/div>\n\t\t<div class=\"uael-post__footer\">\n\t\t\t\t\t<\/div>\n\t\t\t\t\t\t<\/div>\n\t\t\t\t<\/div>\n\t\t\t\t\t<\/div>\n\t\t<\/div>\n\t\t\t\t\t<\/div>\n\t\t<\/section>\n\t\t\t\t<\/div>\n\t\t","protected":false},"excerpt":{"rendered":"<p>Foxes and rodents 31 mars 2023 We\u2019ve all seen the silky, bright orange coat of a red fox against the snow. But did you know that their survival depends on tiny, \u2026 See the details<\/p>\n","protected":false},"author":1,"featured_media":0,"parent":0,"menu_order":0,"comment_status":"closed","ping_status":"closed","template":"","meta":{"_acf_changed":false,"site-sidebar-layout":"no-sidebar","site-content-layout":"page-builder","ast-site-content-layout":"default","site-content-style":"default","site-sidebar-style":"default","ast-global-header-display":"","ast-banner-title-visibility":"","ast-main-header-display":"","ast-hfb-above-header-display":"","ast-hfb-below-header-display":"","ast-hfb-mobile-header-display":"","site-post-title":"disabled","ast-breadcrumbs-content":"","ast-featured-img":"disabled","footer-sml-layout":"","ast-disable-related-posts":"","theme-transparent-header-meta":"","adv-header-id-meta":"","stick-header-meta":"","header-above-stick-meta":"","header-main-stick-meta":"","header-below-stick-meta":"","astra-migrate-meta-layouts":"default","ast-page-background-enabled":"default","ast-page-background-meta":{"desktop":{"background-color":"","background-image":"","background-repeat":"repeat","background-position":"center center","background-size":"auto","background-attachment":"scroll","background-type":"","background-media":"","overlay-type":"","overlay-color":"","overlay-opacity":"","overlay-gradient":""},"tablet":{"background-color":"","background-image":"","background-repeat":"repeat","background-position":"center center","background-size":"auto","background-attachment":"scroll","background-type":"","background-media":"","overlay-type":"","overlay-color":"","overlay-opacity":"","overlay-gradient":""},"mobile":{"background-color":"","background-image":"","background-repeat":"repeat","background-position":"center center","background-size":"auto","background-attachment":"scroll","background-type":"","background-media":"","overlay-type":"","overlay-color":"","overlay-opacity":"","overlay-gradient":""}},"ast-content-background-meta":{"desktop":{"background-color":"var(--ast-global-color-5)","background-image":"","background-repeat":"repeat","background-position":"center center","background-size":"auto","background-attachment":"scroll","background-type":"","background-media":"","overlay-type":"","overlay-color":"","overlay-opacity":"","overlay-gradient":""},"tablet":{"background-color":"var(--ast-global-color-5)","background-image":"","background-repeat":"repeat","background-position":"center center","background-size":"auto","background-attachment":"scroll","background-type":"","background-media":"","overlay-type":"","overlay-color":"","overlay-opacity":"","overlay-gradient":""},"mobile":{"background-color":"var(--ast-global-color-5)","background-image":"","background-repeat":"repeat","background-position":"center center","background-size":"auto","background-attachment":"scroll","background-type":"","background-media":"","overlay-type":"","overlay-color":"","overlay-opacity":"","overlay-gradient":""}},"footnotes":""},"class_list":["post-26196","page","type-page","status-publish","hentry"],"acf":[],"yoast_head":"<!-- This site is optimized with the Yoast SEO plugin v27.4 - https:\/\/yoast.com\/product\/yoast-seo-wordpress\/ -->\n<title>Scientific articles - Mus\u00e9e de la biodiversit\u00e9 du Qu\u00e9bec<\/title>\n<meta name=\"description\" content=\"Foxes and rodents 31 mars 2023 We\u2019ve all seen the silky, bright orange coat of a red fox against the snow. But did you know that their survival depends on\" \/>\n<meta name=\"robots\" content=\"index, follow, max-snippet:-1, max-image-preview:large, max-video-preview:-1\" \/>\n<link rel=\"canonical\" href=\"https:\/\/www.biodiversite.net\/en\/scientific-articles\/\" \/>\n<meta property=\"og:locale\" content=\"en_US\" \/>\n<meta property=\"og:type\" content=\"article\" \/>\n<meta property=\"og:title\" content=\"Scientific articles - Mus\u00e9e de la biodiversit\u00e9 du Qu\u00e9bec\" \/>\n<meta property=\"og:description\" content=\"Foxes and rodents 31 mars 2023 We\u2019ve all seen the silky, bright orange coat of a red fox against the snow. But did you know that their survival depends on\" \/>\n<meta property=\"og:url\" content=\"https:\/\/www.biodiversite.net\/en\/scientific-articles\/\" \/>\n<meta property=\"og:site_name\" content=\"Mus\u00e9e de la biodiversit\u00e9 du Qu\u00e9bec\" \/>\n<meta property=\"article:modified_time\" content=\"2023-04-14T14:35:48+00:00\" \/>\n<meta property=\"og:image\" content=\"https:\/\/www.biodiversite.net\/wp-content\/uploads\/2023\/03\/renards-rongeurs.jpg\" \/>\n<meta name=\"twitter:card\" content=\"summary_large_image\" \/>\n<script type=\"application\/ld+json\" class=\"yoast-schema-graph\">{\"@context\":\"https:\\\/\\\/schema.org\",\"@graph\":[{\"@type\":\"WebPage\",\"@id\":\"https:\\\/\\\/www.biodiversite.net\\\/en\\\/scientific-articles\\\/\",\"url\":\"https:\\\/\\\/www.biodiversite.net\\\/en\\\/scientific-articles\\\/\",\"name\":\"Scientific articles - Mus\u00e9e de la biodiversit\u00e9 du Qu\u00e9bec\",\"isPartOf\":{\"@id\":\"https:\\\/\\\/www.biodiversite.net\\\/en\\\/#website\"},\"primaryImageOfPage\":{\"@id\":\"https:\\\/\\\/www.biodiversite.net\\\/en\\\/scientific-articles\\\/#primaryimage\"},\"image\":{\"@id\":\"https:\\\/\\\/www.biodiversite.net\\\/en\\\/scientific-articles\\\/#primaryimage\"},\"thumbnailUrl\":\"https:\\\/\\\/www.biodiversite.net\\\/wp-content\\\/uploads\\\/2023\\\/03\\\/renards-rongeurs.jpg\",\"datePublished\":\"2023-03-31T15:30:42+00:00\",\"dateModified\":\"2023-04-14T14:35:48+00:00\",\"description\":\"Foxes and rodents 31 mars 2023 We\u2019ve all seen the silky, bright orange coat of a red fox against the snow. But did you know that their survival depends on\",\"breadcrumb\":{\"@id\":\"https:\\\/\\\/www.biodiversite.net\\\/en\\\/scientific-articles\\\/#breadcrumb\"},\"inLanguage\":\"en-US\",\"potentialAction\":[{\"@type\":\"ReadAction\",\"target\":[\"https:\\\/\\\/www.biodiversite.net\\\/en\\\/scientific-articles\\\/\"]}]},{\"@type\":\"ImageObject\",\"inLanguage\":\"en-US\",\"@id\":\"https:\\\/\\\/www.biodiversite.net\\\/en\\\/scientific-articles\\\/#primaryimage\",\"url\":\"https:\\\/\\\/www.biodiversite.net\\\/wp-content\\\/uploads\\\/2023\\\/03\\\/renards-rongeurs.jpg\",\"contentUrl\":\"https:\\\/\\\/www.biodiversite.net\\\/wp-content\\\/uploads\\\/2023\\\/03\\\/renards-rongeurs.jpg\"},{\"@type\":\"BreadcrumbList\",\"@id\":\"https:\\\/\\\/www.biodiversite.net\\\/en\\\/scientific-articles\\\/#breadcrumb\",\"itemListElement\":[{\"@type\":\"ListItem\",\"position\":1,\"name\":\"Home\",\"item\":\"https:\\\/\\\/www.biodiversite.net\\\/en\\\/\"},{\"@type\":\"ListItem\",\"position\":2,\"name\":\"Scientific articles\"}]},{\"@type\":\"WebSite\",\"@id\":\"https:\\\/\\\/www.biodiversite.net\\\/en\\\/#website\",\"url\":\"https:\\\/\\\/www.biodiversite.net\\\/en\\\/\",\"name\":\"Mus\u00e9e de la biodiversit\u00e9 du Qu\u00e9bec\",\"description\":\"Centre d&#039;interpr\u00e9tation sur les esp\u00e8ces animales et la nature\",\"publisher\":{\"@id\":\"https:\\\/\\\/www.biodiversite.net\\\/en\\\/#organization\"},\"potentialAction\":[{\"@type\":\"SearchAction\",\"target\":{\"@type\":\"EntryPoint\",\"urlTemplate\":\"https:\\\/\\\/www.biodiversite.net\\\/en\\\/?s={search_term_string}\"},\"query-input\":{\"@type\":\"PropertyValueSpecification\",\"valueRequired\":true,\"valueName\":\"search_term_string\"}}],\"inLanguage\":\"en-US\"},{\"@type\":\"Organization\",\"@id\":\"https:\\\/\\\/www.biodiversite.net\\\/en\\\/#organization\",\"name\":\"Mus\u00e9e de la biodiversit\u00e9 du Qu\u00e9bec\",\"url\":\"https:\\\/\\\/www.biodiversite.net\\\/en\\\/\",\"logo\":{\"@type\":\"ImageObject\",\"inLanguage\":\"en-US\",\"@id\":\"https:\\\/\\\/www.biodiversite.net\\\/en\\\/#\\\/schema\\\/logo\\\/image\\\/\",\"url\":\"https:\\\/\\\/www.biodiversite.net\\\/wp-content\\\/uploads\\\/2021\\\/05\\\/Biodiversite_logo_final_Couleur_blanc.png\",\"contentUrl\":\"https:\\\/\\\/www.biodiversite.net\\\/wp-content\\\/uploads\\\/2021\\\/05\\\/Biodiversite_logo_final_Couleur_blanc.png\",\"width\":700,\"height\":535,\"caption\":\"Mus\u00e9e de la biodiversit\u00e9 du Qu\u00e9bec\"},\"image\":{\"@id\":\"https:\\\/\\\/www.biodiversite.net\\\/en\\\/#\\\/schema\\\/logo\\\/image\\\/\"}}]}<\/script>\n<!-- \/ Yoast SEO plugin. -->","yoast_head_json":{"title":"Scientific articles - Mus\u00e9e de la biodiversit\u00e9 du Qu\u00e9bec","description":"Foxes and rodents 31 mars 2023 We\u2019ve all seen the silky, bright orange coat of a red fox against the snow. But did you know that their survival depends on","robots":{"index":"index","follow":"follow","max-snippet":"max-snippet:-1","max-image-preview":"max-image-preview:large","max-video-preview":"max-video-preview:-1"},"canonical":"https:\/\/www.biodiversite.net\/en\/scientific-articles\/","og_locale":"en_US","og_type":"article","og_title":"Scientific articles - Mus\u00e9e de la biodiversit\u00e9 du Qu\u00e9bec","og_description":"Foxes and rodents 31 mars 2023 We\u2019ve all seen the silky, bright orange coat of a red fox against the snow. But did you know that their survival depends on","og_url":"https:\/\/www.biodiversite.net\/en\/scientific-articles\/","og_site_name":"Mus\u00e9e de la biodiversit\u00e9 du Qu\u00e9bec","article_modified_time":"2023-04-14T14:35:48+00:00","og_image":[{"url":"https:\/\/www.biodiversite.net\/wp-content\/uploads\/2023\/03\/renards-rongeurs.jpg","type":"","width":"","height":""}],"twitter_card":"summary_large_image","schema":{"@context":"https:\/\/schema.org","@graph":[{"@type":"WebPage","@id":"https:\/\/www.biodiversite.net\/en\/scientific-articles\/","url":"https:\/\/www.biodiversite.net\/en\/scientific-articles\/","name":"Scientific articles - Mus\u00e9e de la biodiversit\u00e9 du Qu\u00e9bec","isPartOf":{"@id":"https:\/\/www.biodiversite.net\/en\/#website"},"primaryImageOfPage":{"@id":"https:\/\/www.biodiversite.net\/en\/scientific-articles\/#primaryimage"},"image":{"@id":"https:\/\/www.biodiversite.net\/en\/scientific-articles\/#primaryimage"},"thumbnailUrl":"https:\/\/www.biodiversite.net\/wp-content\/uploads\/2023\/03\/renards-rongeurs.jpg","datePublished":"2023-03-31T15:30:42+00:00","dateModified":"2023-04-14T14:35:48+00:00","description":"Foxes and rodents 31 mars 2023 We\u2019ve all seen the silky, bright orange coat of a red fox against the snow. But did you know that their survival depends on","breadcrumb":{"@id":"https:\/\/www.biodiversite.net\/en\/scientific-articles\/#breadcrumb"},"inLanguage":"en-US","potentialAction":[{"@type":"ReadAction","target":["https:\/\/www.biodiversite.net\/en\/scientific-articles\/"]}]},{"@type":"ImageObject","inLanguage":"en-US","@id":"https:\/\/www.biodiversite.net\/en\/scientific-articles\/#primaryimage","url":"https:\/\/www.biodiversite.net\/wp-content\/uploads\/2023\/03\/renards-rongeurs.jpg","contentUrl":"https:\/\/www.biodiversite.net\/wp-content\/uploads\/2023\/03\/renards-rongeurs.jpg"},{"@type":"BreadcrumbList","@id":"https:\/\/www.biodiversite.net\/en\/scientific-articles\/#breadcrumb","itemListElement":[{"@type":"ListItem","position":1,"name":"Home","item":"https:\/\/www.biodiversite.net\/en\/"},{"@type":"ListItem","position":2,"name":"Scientific articles"}]},{"@type":"WebSite","@id":"https:\/\/www.biodiversite.net\/en\/#website","url":"https:\/\/www.biodiversite.net\/en\/","name":"Mus\u00e9e de la biodiversit\u00e9 du Qu\u00e9bec","description":"Centre d&#039;interpr\u00e9tation sur les esp\u00e8ces animales et la nature","publisher":{"@id":"https:\/\/www.biodiversite.net\/en\/#organization"},"potentialAction":[{"@type":"SearchAction","target":{"@type":"EntryPoint","urlTemplate":"https:\/\/www.biodiversite.net\/en\/?s={search_term_string}"},"query-input":{"@type":"PropertyValueSpecification","valueRequired":true,"valueName":"search_term_string"}}],"inLanguage":"en-US"},{"@type":"Organization","@id":"https:\/\/www.biodiversite.net\/en\/#organization","name":"Mus\u00e9e de la biodiversit\u00e9 du Qu\u00e9bec","url":"https:\/\/www.biodiversite.net\/en\/","logo":{"@type":"ImageObject","inLanguage":"en-US","@id":"https:\/\/www.biodiversite.net\/en\/#\/schema\/logo\/image\/","url":"https:\/\/www.biodiversite.net\/wp-content\/uploads\/2021\/05\/Biodiversite_logo_final_Couleur_blanc.png","contentUrl":"https:\/\/www.biodiversite.net\/wp-content\/uploads\/2021\/05\/Biodiversite_logo_final_Couleur_blanc.png","width":700,"height":535,"caption":"Mus\u00e9e de la biodiversit\u00e9 du Qu\u00e9bec"},"image":{"@id":"https:\/\/www.biodiversite.net\/en\/#\/schema\/logo\/image\/"}}]}},"_links":{"self":[{"href":"https:\/\/www.biodiversite.net\/en\/wp-json\/wp\/v2\/pages\/26196","targetHints":{"allow":["GET"]}}],"collection":[{"href":"https:\/\/www.biodiversite.net\/en\/wp-json\/wp\/v2\/pages"}],"about":[{"href":"https:\/\/www.biodiversite.net\/en\/wp-json\/wp\/v2\/types\/page"}],"author":[{"embeddable":true,"href":"https:\/\/www.biodiversite.net\/en\/wp-json\/wp\/v2\/users\/1"}],"replies":[{"embeddable":true,"href":"https:\/\/www.biodiversite.net\/en\/wp-json\/wp\/v2\/comments?post=26196"}],"version-history":[{"count":6,"href":"https:\/\/www.biodiversite.net\/en\/wp-json\/wp\/v2\/pages\/26196\/revisions"}],"predecessor-version":[{"id":26293,"href":"https:\/\/www.biodiversite.net\/en\/wp-json\/wp\/v2\/pages\/26196\/revisions\/26293"}],"wp:attachment":[{"href":"https:\/\/www.biodiversite.net\/en\/wp-json\/wp\/v2\/media?parent=26196"}],"curies":[{"name":"wp","href":"https:\/\/api.w.org\/{rel}","templated":true}]}}