{"id":26006,"date":"2023-01-11T11:08:36","date_gmt":"2023-01-11T16:08:36","guid":{"rendered":"https:\/\/www.biodiversite.net\/lecho-des-origines\/horaire-et-tarifs\/"},"modified":"2024-06-17T14:51:54","modified_gmt":"2024-06-17T18:51:54","slug":"schedule-and-prices","status":"publish","type":"page","link":"https:\/\/www.biodiversite.net\/en\/schedule-and-prices\/","title":{"rendered":"Schedule and prices"},"content":{"rendered":"\t\t<div data-elementor-type=\"wp-page\" data-elementor-id=\"26006\" class=\"elementor elementor-26006\" data-elementor-post-type=\"page\">\n\t\t\t\t\t\t<section class=\"elementor-section elementor-top-section elementor-element elementor-element-8eece17 elementor-section-height-min-height elementor-section-items-top elementor-section-boxed elementor-section-height-default\" data-id=\"8eece17\" data-element_type=\"section\" data-e-type=\"section\" data-settings=\"{&quot;background_background&quot;:&quot;classic&quot;}\">\n\t\t\t\t\t\t<div class=\"elementor-container elementor-column-gap-default\">\n\t\t\t\t\t<div class=\"elementor-column elementor-col-100 elementor-top-column elementor-element elementor-element-9a9dcc6\" data-id=\"9a9dcc6\" data-element_type=\"column\" data-e-type=\"column\">\n\t\t\t<div class=\"elementor-widget-wrap\">\n\t\t\t\t\t\t\t<\/div>\n\t\t<\/div>\n\t\t\t\t\t<\/div>\n\t\t<\/section>\n\t\t\t\t<section class=\"elementor-section elementor-top-section elementor-element elementor-element-43f8bed elementor-section-height-min-height elementor-section-items-top elementor-section-boxed elementor-section-height-default\" data-id=\"43f8bed\" data-element_type=\"section\" data-e-type=\"section\" data-settings=\"{&quot;background_background&quot;:&quot;classic&quot;}\">\n\t\t\t\t\t\t<div class=\"elementor-container elementor-column-gap-default\">\n\t\t\t\t\t<div class=\"elementor-column elementor-col-100 elementor-top-column elementor-element elementor-element-9e1940c\" data-id=\"9e1940c\" data-element_type=\"column\" data-e-type=\"column\">\n\t\t\t<div class=\"elementor-widget-wrap elementor-element-populated\">\n\t\t\t\t\t\t<div class=\"elementor-element elementor-element-718b6f5 elementor-widget elementor-widget-heading\" data-id=\"718b6f5\" data-element_type=\"widget\" data-e-type=\"widget\" data-widget_type=\"heading.default\">\n\t\t\t\t<div class=\"elementor-widget-container\">\n\t\t\t\t\t<h1 class=\"elementor-heading-title elementor-size-default\">Schedulse and prices<\/h1>\t\t\t\t<\/div>\n\t\t\t\t<\/div>\n\t\t\t\t<div class=\"elementor-element elementor-element-8c9e5ec elementor-widget elementor-widget-text-editor\" data-id=\"8c9e5ec\" data-element_type=\"widget\" data-e-type=\"widget\" data-widget_type=\"text-editor.default\">\n\t\t\t\t<div class=\"elementor-widget-container\">\n\t\t\t\t\t\t\t\t\t<p><span class=\"Y2IQFc\" lang=\"en\">June 21th to August 17th, 2024: Tuesday to Saturday, from 7 p.m.<br \/>August 23th to October 5th, 2024: Friday and Sunday inclusive, starting at 6:30 p.m.<\/span><\/p>\t\t\t\t\t\t\t\t<\/div>\n\t\t\t\t<\/div>\n\t\t\t\t<div class=\"elementor-element elementor-element-0e8c51f elementor-widget elementor-widget-text-editor\" data-id=\"0e8c51f\" data-element_type=\"widget\" data-e-type=\"widget\" data-widget_type=\"text-editor.default\">\n\t\t\t\t<div class=\"elementor-widget-container\">\n\t\t\t\t\t\t\t\t\t<p class=\"txt-med-x-bold\"><strong>Seniors (65 years and older): $19<\/strong><br><strong>Adults (18 to 64 years old): $20<\/strong><br><strong>Youth (13 to 17 years old): $ 19<\/strong><br><strong>Children (6 to 12 years old): $15<\/strong><br><strong>Little ones (5 years old and under): Free<\/strong><\/p>\t\t\t\t\t\t\t\t<\/div>\n\t\t\t\t<\/div>\n\t\t\t\t<div class=\"elementor-element elementor-element-bed863f elementor-widget elementor-widget-text-editor\" data-id=\"bed863f\" data-element_type=\"widget\" data-e-type=\"widget\" data-widget_type=\"text-editor.default\">\n\t\t\t\t<div class=\"elementor-widget-container\">\n\t\t\t\t\t\t\t\t\t<p>Visitors who purchased tickets for &#8220;seniors&#8221;, &#8220;youth&#8221;, &#8220;children&#8221; and &#8220;little ones&#8221; will be asked to present valid and official identification upon registration.<\/p>\t\t\t\t\t\t\t\t<\/div>\n\t\t\t\t<\/div>\n\t\t\t\t<div class=\"elementor-element elementor-element-65d6169 elementor-align-center elementor-widget elementor-widget-button\" data-id=\"65d6169\" data-element_type=\"widget\" data-e-type=\"widget\" data-widget_type=\"button.default\">\n\t\t\t\t<div class=\"elementor-widget-container\">\n\t\t\t\t\t\t\t\t\t<div class=\"elementor-button-wrapper\">\n\t\t\t\t\t<a class=\"elementor-button elementor-button-link elementor-size-lg elementor-animation-grow-rotate\" href=\"https:\/\/secure3.xpayrience.com\/musee_biodiversite?show_id=845\" target=\"_blank\">\n\t\t\t\t\t\t<span class=\"elementor-button-content-wrapper\">\n\t\t\t\t\t\t\t\t\t<span class=\"elementor-button-text\">BOOK YOUR TICKETS NOW FOR THE EXPERIENCE<\/span>\n\t\t\t\t\t<\/span>\n\t\t\t\t\t<\/a>\n\t\t\t\t<\/div>\n\t\t\t\t\t\t\t\t<\/div>\n\t\t\t\t<\/div>\n\t\t\t\t\t<\/div>\n\t\t<\/div>\n\t\t\t\t\t<\/div>\n\t\t<\/section>\n\t\t\t\t<\/div>\n\t\t","protected":false},"excerpt":{"rendered":"<p>Schedulse and prices June 21th to August 17th, 2024: Tuesday to Saturday, from 7 p.m.August 23th to October 5th, 2024: Friday and Sunday inclusive, starting at 6:30 p.m. Seniors (65 years and older): $19Adults (18 to 64 years old): $20Youth (13 to 17 years old): $ 19Children (6 to 12 years old): $15Little ones (5 [&hellip;]<\/p>\n","protected":false},"author":1,"featured_media":0,"parent":0,"menu_order":0,"comment_status":"closed","ping_status":"closed","template":"","meta":{"_acf_changed":false,"site-sidebar-layout":"no-sidebar","site-content-layout":"page-builder","ast-site-content-layout":"default","site-content-style":"default","site-sidebar-style":"default","ast-global-header-display":"","ast-banner-title-visibility":"","ast-main-header-display":"","ast-hfb-above-header-display":"","ast-hfb-below-header-display":"","ast-hfb-mobile-header-display":"","site-post-title":"disabled","ast-breadcrumbs-content":"","ast-featured-img":"disabled","footer-sml-layout":"","ast-disable-related-posts":"","theme-transparent-header-meta":"","adv-header-id-meta":"","stick-header-meta":"","header-above-stick-meta":"","header-main-stick-meta":"","header-below-stick-meta":"","astra-migrate-meta-layouts":"default","ast-page-background-enabled":"default","ast-page-background-meta":{"desktop":{"background-color":"","background-image":"","background-repeat":"repeat","background-position":"center center","background-size":"auto","background-attachment":"scroll","background-type":"","background-media":"","overlay-type":"","overlay-color":"","overlay-opacity":"","overlay-gradient":""},"tablet":{"background-color":"","background-image":"","background-repeat":"repeat","background-position":"center center","background-size":"auto","background-attachment":"scroll","background-type":"","background-media":"","overlay-type":"","overlay-color":"","overlay-opacity":"","overlay-gradient":""},"mobile":{"background-color":"","background-image":"","background-repeat":"repeat","background-position":"center center","background-size":"auto","background-attachment":"scroll","background-type":"","background-media":"","overlay-type":"","overlay-color":"","overlay-opacity":"","overlay-gradient":""}},"ast-content-background-meta":{"desktop":{"background-color":"var(--ast-global-color-5)","background-image":"","background-repeat":"repeat","background-position":"center center","background-size":"auto","background-attachment":"scroll","background-type":"","background-media":"","overlay-type":"","overlay-color":"","overlay-opacity":"","overlay-gradient":""},"tablet":{"background-color":"var(--ast-global-color-5)","background-image":"","background-repeat":"repeat","background-position":"center center","background-size":"auto","background-attachment":"scroll","background-type":"","background-media":"","overlay-type":"","overlay-color":"","overlay-opacity":"","overlay-gradient":""},"mobile":{"background-color":"var(--ast-global-color-5)","background-image":"","background-repeat":"repeat","background-position":"center center","background-size":"auto","background-attachment":"scroll","background-type":"","background-media":"","overlay-type":"","overlay-color":"","overlay-opacity":"","overlay-gradient":""}},"footnotes":""},"class_list":["post-26006","page","type-page","status-publish","hentry"],"acf":[],"yoast_head":"<!-- This site is optimized with the Yoast SEO plugin v27.5 - https:\/\/yoast.com\/product\/yoast-seo-wordpress\/ -->\n<title>Schedule and prices - Echos of Origns<\/title>\n<meta name=\"description\" content=\"Visit the schedule and rates page to learn more about the opening of the Echo of Origins activity. - View schedule and prices!\" \/>\n<meta name=\"robots\" content=\"index, follow, max-snippet:-1, max-image-preview:large, max-video-preview:-1\" \/>\n<link rel=\"canonical\" href=\"https:\/\/www.biodiversite.net\/en\/schedule-and-prices\/\" \/>\n<meta property=\"og:locale\" content=\"en_US\" \/>\n<meta property=\"og:type\" content=\"article\" \/>\n<meta property=\"og:title\" content=\"Schedule and prices - Echos of Origns\" \/>\n<meta property=\"og:description\" content=\"Visit the schedule and rates page to learn more about the opening of the Echo of Origins activity. - View schedule and prices!\" \/>\n<meta property=\"og:url\" content=\"https:\/\/www.biodiversite.net\/en\/schedule-and-prices\/\" \/>\n<meta property=\"og:site_name\" content=\"Mus\u00e9e de la biodiversit\u00e9 du Qu\u00e9bec\" \/>\n<meta property=\"article:modified_time\" content=\"2024-06-17T18:51:54+00:00\" \/>\n<meta property=\"og:image\" content=\"https:\/\/www.biodiversite.net\/wp-content\/uploads\/2022\/04\/Musee-de-la-bio.jpg\" \/>\n\t<meta property=\"og:image:width\" content=\"1200\" \/>\n\t<meta property=\"og:image:height\" content=\"630\" \/>\n\t<meta property=\"og:image:type\" content=\"image\/jpeg\" \/>\n<meta name=\"twitter:card\" content=\"summary_large_image\" \/>\n<script type=\"application\/ld+json\" class=\"yoast-schema-graph\">{\"@context\":\"https:\\\/\\\/schema.org\",\"@graph\":[{\"@type\":\"WebPage\",\"@id\":\"https:\\\/\\\/www.biodiversite.net\\\/en\\\/schedule-and-prices\\\/\",\"url\":\"https:\\\/\\\/www.biodiversite.net\\\/en\\\/schedule-and-prices\\\/\",\"name\":\"Schedule and prices - Echos of Origns\",\"isPartOf\":{\"@id\":\"https:\\\/\\\/www.biodiversite.net\\\/en\\\/#website\"},\"datePublished\":\"2023-01-11T16:08:36+00:00\",\"dateModified\":\"2024-06-17T18:51:54+00:00\",\"description\":\"Visit the schedule and rates page to learn more about the opening of the Echo of Origins activity. - View schedule and prices!\",\"breadcrumb\":{\"@id\":\"https:\\\/\\\/www.biodiversite.net\\\/en\\\/schedule-and-prices\\\/#breadcrumb\"},\"inLanguage\":\"en-US\",\"potentialAction\":[{\"@type\":\"ReadAction\",\"target\":[\"https:\\\/\\\/www.biodiversite.net\\\/en\\\/schedule-and-prices\\\/\"]}]},{\"@type\":\"BreadcrumbList\",\"@id\":\"https:\\\/\\\/www.biodiversite.net\\\/en\\\/schedule-and-prices\\\/#breadcrumb\",\"itemListElement\":[{\"@type\":\"ListItem\",\"position\":1,\"name\":\"Home\",\"item\":\"https:\\\/\\\/www.biodiversite.net\\\/en\\\/\"},{\"@type\":\"ListItem\",\"position\":2,\"name\":\"Echoes of Origins\",\"item\":\"https:\\\/\\\/www.biodiversite.net\\\/en\\\/echoes-of-origins\\\/\"},{\"@type\":\"ListItem\",\"position\":3,\"name\":\"Schedule and prices\"}]},{\"@type\":\"WebSite\",\"@id\":\"https:\\\/\\\/www.biodiversite.net\\\/en\\\/#website\",\"url\":\"https:\\\/\\\/www.biodiversite.net\\\/en\\\/\",\"name\":\"Mus\u00e9e de la biodiversit\u00e9 du Qu\u00e9bec\",\"description\":\"Centre d&#039;interpr\u00e9tation sur les esp\u00e8ces animales et la nature\",\"publisher\":{\"@id\":\"https:\\\/\\\/www.biodiversite.net\\\/en\\\/#organization\"},\"potentialAction\":[{\"@type\":\"SearchAction\",\"target\":{\"@type\":\"EntryPoint\",\"urlTemplate\":\"https:\\\/\\\/www.biodiversite.net\\\/en\\\/?s={search_term_string}\"},\"query-input\":{\"@type\":\"PropertyValueSpecification\",\"valueRequired\":true,\"valueName\":\"search_term_string\"}}],\"inLanguage\":\"en-US\"},{\"@type\":\"Organization\",\"@id\":\"https:\\\/\\\/www.biodiversite.net\\\/en\\\/#organization\",\"name\":\"Mus\u00e9e de la biodiversit\u00e9 du Qu\u00e9bec\",\"url\":\"https:\\\/\\\/www.biodiversite.net\\\/en\\\/\",\"logo\":{\"@type\":\"ImageObject\",\"inLanguage\":\"en-US\",\"@id\":\"https:\\\/\\\/www.biodiversite.net\\\/en\\\/#\\\/schema\\\/logo\\\/image\\\/\",\"url\":\"https:\\\/\\\/www.biodiversite.net\\\/wp-content\\\/uploads\\\/2021\\\/05\\\/Biodiversite_logo_final_Couleur_blanc.png\",\"contentUrl\":\"https:\\\/\\\/www.biodiversite.net\\\/wp-content\\\/uploads\\\/2021\\\/05\\\/Biodiversite_logo_final_Couleur_blanc.png\",\"width\":700,\"height\":535,\"caption\":\"Mus\u00e9e de la biodiversit\u00e9 du Qu\u00e9bec\"},\"image\":{\"@id\":\"https:\\\/\\\/www.biodiversite.net\\\/en\\\/#\\\/schema\\\/logo\\\/image\\\/\"}}]}<\/script>\n<!-- \/ Yoast SEO plugin. -->","yoast_head_json":{"title":"Schedule and prices - Echos of Origns","description":"Visit the schedule and rates page to learn more about the opening of the Echo of Origins activity. - View schedule and prices!","robots":{"index":"index","follow":"follow","max-snippet":"max-snippet:-1","max-image-preview":"max-image-preview:large","max-video-preview":"max-video-preview:-1"},"canonical":"https:\/\/www.biodiversite.net\/en\/schedule-and-prices\/","og_locale":"en_US","og_type":"article","og_title":"Schedule and prices - Echos of Origns","og_description":"Visit the schedule and rates page to learn more about the opening of the Echo of Origins activity. - View schedule and prices!","og_url":"https:\/\/www.biodiversite.net\/en\/schedule-and-prices\/","og_site_name":"Mus\u00e9e de la biodiversit\u00e9 du Qu\u00e9bec","article_modified_time":"2024-06-17T18:51:54+00:00","og_image":[{"width":1200,"height":630,"url":"https:\/\/www.biodiversite.net\/wp-content\/uploads\/2022\/04\/Musee-de-la-bio.jpg","type":"image\/jpeg"}],"twitter_card":"summary_large_image","schema":{"@context":"https:\/\/schema.org","@graph":[{"@type":"WebPage","@id":"https:\/\/www.biodiversite.net\/en\/schedule-and-prices\/","url":"https:\/\/www.biodiversite.net\/en\/schedule-and-prices\/","name":"Schedule and prices - Echos of Origns","isPartOf":{"@id":"https:\/\/www.biodiversite.net\/en\/#website"},"datePublished":"2023-01-11T16:08:36+00:00","dateModified":"2024-06-17T18:51:54+00:00","description":"Visit the schedule and rates page to learn more about the opening of the Echo of Origins activity. - View schedule and prices!","breadcrumb":{"@id":"https:\/\/www.biodiversite.net\/en\/schedule-and-prices\/#breadcrumb"},"inLanguage":"en-US","potentialAction":[{"@type":"ReadAction","target":["https:\/\/www.biodiversite.net\/en\/schedule-and-prices\/"]}]},{"@type":"BreadcrumbList","@id":"https:\/\/www.biodiversite.net\/en\/schedule-and-prices\/#breadcrumb","itemListElement":[{"@type":"ListItem","position":1,"name":"Home","item":"https:\/\/www.biodiversite.net\/en\/"},{"@type":"ListItem","position":2,"name":"Echoes of Origins","item":"https:\/\/www.biodiversite.net\/en\/echoes-of-origins\/"},{"@type":"ListItem","position":3,"name":"Schedule and prices"}]},{"@type":"WebSite","@id":"https:\/\/www.biodiversite.net\/en\/#website","url":"https:\/\/www.biodiversite.net\/en\/","name":"Mus\u00e9e de la biodiversit\u00e9 du Qu\u00e9bec","description":"Centre d&#039;interpr\u00e9tation sur les esp\u00e8ces animales et la nature","publisher":{"@id":"https:\/\/www.biodiversite.net\/en\/#organization"},"potentialAction":[{"@type":"SearchAction","target":{"@type":"EntryPoint","urlTemplate":"https:\/\/www.biodiversite.net\/en\/?s={search_term_string}"},"query-input":{"@type":"PropertyValueSpecification","valueRequired":true,"valueName":"search_term_string"}}],"inLanguage":"en-US"},{"@type":"Organization","@id":"https:\/\/www.biodiversite.net\/en\/#organization","name":"Mus\u00e9e de la biodiversit\u00e9 du Qu\u00e9bec","url":"https:\/\/www.biodiversite.net\/en\/","logo":{"@type":"ImageObject","inLanguage":"en-US","@id":"https:\/\/www.biodiversite.net\/en\/#\/schema\/logo\/image\/","url":"https:\/\/www.biodiversite.net\/wp-content\/uploads\/2021\/05\/Biodiversite_logo_final_Couleur_blanc.png","contentUrl":"https:\/\/www.biodiversite.net\/wp-content\/uploads\/2021\/05\/Biodiversite_logo_final_Couleur_blanc.png","width":700,"height":535,"caption":"Mus\u00e9e de la biodiversit\u00e9 du Qu\u00e9bec"},"image":{"@id":"https:\/\/www.biodiversite.net\/en\/#\/schema\/logo\/image\/"}}]}},"_links":{"self":[{"href":"https:\/\/www.biodiversite.net\/en\/wp-json\/wp\/v2\/pages\/26006","targetHints":{"allow":["GET"]}}],"collection":[{"href":"https:\/\/www.biodiversite.net\/en\/wp-json\/wp\/v2\/pages"}],"about":[{"href":"https:\/\/www.biodiversite.net\/en\/wp-json\/wp\/v2\/types\/page"}],"author":[{"embeddable":true,"href":"https:\/\/www.biodiversite.net\/en\/wp-json\/wp\/v2\/users\/1"}],"replies":[{"embeddable":true,"href":"https:\/\/www.biodiversite.net\/en\/wp-json\/wp\/v2\/comments?post=26006"}],"version-history":[{"count":15,"href":"https:\/\/www.biodiversite.net\/en\/wp-json\/wp\/v2\/pages\/26006\/revisions"}],"predecessor-version":[{"id":26258,"href":"https:\/\/www.biodiversite.net\/en\/wp-json\/wp\/v2\/pages\/26006\/revisions\/26258"}],"wp:attachment":[{"href":"https:\/\/www.biodiversite.net\/en\/wp-json\/wp\/v2\/media?parent=26006"}],"curies":[{"name":"wp","href":"https:\/\/api.w.org\/{rel}","templated":true}]}}