{"id":15419,"date":"2021-11-24T14:24:30","date_gmt":"2021-11-24T13:24:30","guid":{"rendered":"https:\/\/www.biodiversite.net\/panier\/"},"modified":"2022-04-21T12:19:27","modified_gmt":"2022-04-21T16:19:27","slug":"cart","status":"publish","type":"page","link":"https:\/\/www.biodiversite.net\/en\/cart\/","title":{"rendered":"Cart"},"content":{"rendered":"<p>[woocommerce_cart]<\/p>\n","protected":false},"excerpt":{"rendered":"","protected":false},"author":1,"featured_media":0,"parent":0,"menu_order":0,"comment_status":"closed","ping_status":"closed","template":"","meta":{"_acf_changed":false,"site-sidebar-layout":"default","site-content-layout":"","ast-site-content-layout":"default","site-content-style":"default","site-sidebar-style":"default","ast-global-header-display":"","ast-banner-title-visibility":"","ast-main-header-display":"","ast-hfb-above-header-display":"","ast-hfb-below-header-display":"","ast-hfb-mobile-header-display":"","site-post-title":"","ast-breadcrumbs-content":"","ast-featured-img":"","footer-sml-layout":"","ast-disable-related-posts":"","theme-transparent-header-meta":"","adv-header-id-meta":"","stick-header-meta":"","header-above-stick-meta":"","header-main-stick-meta":"","header-below-stick-meta":"","astra-migrate-meta-layouts":"default","ast-page-background-enabled":"default","ast-page-background-meta":{"desktop":{"background-color":"","background-image":"","background-repeat":"repeat","background-position":"center center","background-size":"auto","background-attachment":"scroll","background-type":"","background-media":"","overlay-type":"","overlay-color":"","overlay-opacity":"","overlay-gradient":""},"tablet":{"background-color":"","background-image":"","background-repeat":"repeat","background-position":"center center","background-size":"auto","background-attachment":"scroll","background-type":"","background-media":"","overlay-type":"","overlay-color":"","overlay-opacity":"","overlay-gradient":""},"mobile":{"background-color":"","background-image":"","background-repeat":"repeat","background-position":"center center","background-size":"auto","background-attachment":"scroll","background-type":"","background-media":"","overlay-type":"","overlay-color":"","overlay-opacity":"","overlay-gradient":""}},"ast-content-background-meta":{"desktop":{"background-color":"var(--ast-global-color-5)","background-image":"","background-repeat":"repeat","background-position":"center center","background-size":"auto","background-attachment":"scroll","background-type":"","background-media":"","overlay-type":"","overlay-color":"","overlay-opacity":"","overlay-gradient":""},"tablet":{"background-color":"var(--ast-global-color-5)","background-image":"","background-repeat":"repeat","background-position":"center center","background-size":"auto","background-attachment":"scroll","background-type":"","background-media":"","overlay-type":"","overlay-color":"","overlay-opacity":"","overlay-gradient":""},"mobile":{"background-color":"var(--ast-global-color-5)","background-image":"","background-repeat":"repeat","background-position":"center center","background-size":"auto","background-attachment":"scroll","background-type":"","background-media":"","overlay-type":"","overlay-color":"","overlay-opacity":"","overlay-gradient":""}},"footnotes":""},"class_list":["post-15419","page","type-page","status-publish","hentry"],"acf":[],"yoast_head":"<!-- This site is optimized with the Yoast SEO plugin v27.3 - https:\/\/yoast.com\/product\/yoast-seo-wordpress\/ -->\n<title>Cart - Mus\u00e9e de la biodiversit\u00e9 du Qu\u00e9bec<\/title>\n<meta name=\"robots\" content=\"index, follow, max-snippet:-1, max-image-preview:large, max-video-preview:-1\" \/>\n<link rel=\"canonical\" href=\"https:\/\/www.biodiversite.net\/en\/cart\/\" \/>\n<meta property=\"og:locale\" content=\"en_US\" \/>\n<meta property=\"og:type\" content=\"article\" \/>\n<meta property=\"og:title\" content=\"Cart - Mus\u00e9e de la biodiversit\u00e9 du Qu\u00e9bec\" \/>\n<meta property=\"og:url\" content=\"https:\/\/www.biodiversite.net\/en\/cart\/\" \/>\n<meta property=\"og:site_name\" content=\"Mus\u00e9e de la biodiversit\u00e9 du Qu\u00e9bec\" \/>\n<meta property=\"article:modified_time\" content=\"2022-04-21T16:19:27+00:00\" \/>\n<meta property=\"og:image\" content=\"https:\/\/www.biodiversite.net\/wp-content\/uploads\/2022\/04\/Musee-de-la-bio.jpg\" \/>\n\t<meta property=\"og:image:width\" content=\"1200\" \/>\n\t<meta property=\"og:image:height\" content=\"630\" \/>\n\t<meta property=\"og:image:type\" content=\"image\/jpeg\" \/>\n<meta name=\"twitter:card\" content=\"summary_large_image\" \/>\n<meta name=\"twitter:label1\" content=\"Est. reading time\" \/>\n\t<meta name=\"twitter:data1\" content=\"1 minute\" \/>\n<script type=\"application\/ld+json\" class=\"yoast-schema-graph\">{\"@context\":\"https:\\\/\\\/schema.org\",\"@graph\":[{\"@type\":\"WebPage\",\"@id\":\"https:\\\/\\\/www.biodiversite.net\\\/en\\\/cart\\\/\",\"url\":\"https:\\\/\\\/www.biodiversite.net\\\/en\\\/cart\\\/\",\"name\":\"Cart - Mus\u00e9e de la biodiversit\u00e9 du Qu\u00e9bec\",\"isPartOf\":{\"@id\":\"https:\\\/\\\/www.biodiversite.net\\\/en\\\/#website\"},\"datePublished\":\"2021-11-24T13:24:30+00:00\",\"dateModified\":\"2022-04-21T16:19:27+00:00\",\"breadcrumb\":{\"@id\":\"https:\\\/\\\/www.biodiversite.net\\\/en\\\/cart\\\/#breadcrumb\"},\"inLanguage\":\"en-US\",\"potentialAction\":[{\"@type\":\"ReadAction\",\"target\":[\"https:\\\/\\\/www.biodiversite.net\\\/en\\\/cart\\\/\"]}]},{\"@type\":\"BreadcrumbList\",\"@id\":\"https:\\\/\\\/www.biodiversite.net\\\/en\\\/cart\\\/#breadcrumb\",\"itemListElement\":[{\"@type\":\"ListItem\",\"position\":1,\"name\":\"Home\",\"item\":\"https:\\\/\\\/www.biodiversite.net\\\/en\\\/\"},{\"@type\":\"ListItem\",\"position\":2,\"name\":\"Cart\"}]},{\"@type\":\"WebSite\",\"@id\":\"https:\\\/\\\/www.biodiversite.net\\\/en\\\/#website\",\"url\":\"https:\\\/\\\/www.biodiversite.net\\\/en\\\/\",\"name\":\"Mus\u00e9e de la biodiversit\u00e9 du Qu\u00e9bec\",\"description\":\"Centre d&#039;interpr\u00e9tation sur les esp\u00e8ces animales et la nature\",\"publisher\":{\"@id\":\"https:\\\/\\\/www.biodiversite.net\\\/en\\\/#organization\"},\"potentialAction\":[{\"@type\":\"SearchAction\",\"target\":{\"@type\":\"EntryPoint\",\"urlTemplate\":\"https:\\\/\\\/www.biodiversite.net\\\/en\\\/?s={search_term_string}\"},\"query-input\":{\"@type\":\"PropertyValueSpecification\",\"valueRequired\":true,\"valueName\":\"search_term_string\"}}],\"inLanguage\":\"en-US\"},{\"@type\":\"Organization\",\"@id\":\"https:\\\/\\\/www.biodiversite.net\\\/en\\\/#organization\",\"name\":\"Mus\u00e9e de la biodiversit\u00e9 du Qu\u00e9bec\",\"url\":\"https:\\\/\\\/www.biodiversite.net\\\/en\\\/\",\"logo\":{\"@type\":\"ImageObject\",\"inLanguage\":\"en-US\",\"@id\":\"https:\\\/\\\/www.biodiversite.net\\\/en\\\/#\\\/schema\\\/logo\\\/image\\\/\",\"url\":\"https:\\\/\\\/www.biodiversite.net\\\/wp-content\\\/uploads\\\/2021\\\/05\\\/Biodiversite_logo_final_Couleur_blanc.png\",\"contentUrl\":\"https:\\\/\\\/www.biodiversite.net\\\/wp-content\\\/uploads\\\/2021\\\/05\\\/Biodiversite_logo_final_Couleur_blanc.png\",\"width\":700,\"height\":535,\"caption\":\"Mus\u00e9e de la biodiversit\u00e9 du Qu\u00e9bec\"},\"image\":{\"@id\":\"https:\\\/\\\/www.biodiversite.net\\\/en\\\/#\\\/schema\\\/logo\\\/image\\\/\"}}]}<\/script>\n<!-- \/ Yoast SEO plugin. -->","yoast_head_json":{"title":"Cart - Mus\u00e9e de la biodiversit\u00e9 du Qu\u00e9bec","robots":{"index":"index","follow":"follow","max-snippet":"max-snippet:-1","max-image-preview":"max-image-preview:large","max-video-preview":"max-video-preview:-1"},"canonical":"https:\/\/www.biodiversite.net\/en\/cart\/","og_locale":"en_US","og_type":"article","og_title":"Cart - Mus\u00e9e de la biodiversit\u00e9 du Qu\u00e9bec","og_url":"https:\/\/www.biodiversite.net\/en\/cart\/","og_site_name":"Mus\u00e9e de la biodiversit\u00e9 du Qu\u00e9bec","article_modified_time":"2022-04-21T16:19:27+00:00","og_image":[{"width":1200,"height":630,"url":"https:\/\/www.biodiversite.net\/wp-content\/uploads\/2022\/04\/Musee-de-la-bio.jpg","type":"image\/jpeg"}],"twitter_card":"summary_large_image","twitter_misc":{"Est. reading time":"1 minute"},"schema":{"@context":"https:\/\/schema.org","@graph":[{"@type":"WebPage","@id":"https:\/\/www.biodiversite.net\/en\/cart\/","url":"https:\/\/www.biodiversite.net\/en\/cart\/","name":"Cart - Mus\u00e9e de la biodiversit\u00e9 du Qu\u00e9bec","isPartOf":{"@id":"https:\/\/www.biodiversite.net\/en\/#website"},"datePublished":"2021-11-24T13:24:30+00:00","dateModified":"2022-04-21T16:19:27+00:00","breadcrumb":{"@id":"https:\/\/www.biodiversite.net\/en\/cart\/#breadcrumb"},"inLanguage":"en-US","potentialAction":[{"@type":"ReadAction","target":["https:\/\/www.biodiversite.net\/en\/cart\/"]}]},{"@type":"BreadcrumbList","@id":"https:\/\/www.biodiversite.net\/en\/cart\/#breadcrumb","itemListElement":[{"@type":"ListItem","position":1,"name":"Home","item":"https:\/\/www.biodiversite.net\/en\/"},{"@type":"ListItem","position":2,"name":"Cart"}]},{"@type":"WebSite","@id":"https:\/\/www.biodiversite.net\/en\/#website","url":"https:\/\/www.biodiversite.net\/en\/","name":"Mus\u00e9e de la biodiversit\u00e9 du Qu\u00e9bec","description":"Centre d&#039;interpr\u00e9tation sur les esp\u00e8ces animales et la nature","publisher":{"@id":"https:\/\/www.biodiversite.net\/en\/#organization"},"potentialAction":[{"@type":"SearchAction","target":{"@type":"EntryPoint","urlTemplate":"https:\/\/www.biodiversite.net\/en\/?s={search_term_string}"},"query-input":{"@type":"PropertyValueSpecification","valueRequired":true,"valueName":"search_term_string"}}],"inLanguage":"en-US"},{"@type":"Organization","@id":"https:\/\/www.biodiversite.net\/en\/#organization","name":"Mus\u00e9e de la biodiversit\u00e9 du Qu\u00e9bec","url":"https:\/\/www.biodiversite.net\/en\/","logo":{"@type":"ImageObject","inLanguage":"en-US","@id":"https:\/\/www.biodiversite.net\/en\/#\/schema\/logo\/image\/","url":"https:\/\/www.biodiversite.net\/wp-content\/uploads\/2021\/05\/Biodiversite_logo_final_Couleur_blanc.png","contentUrl":"https:\/\/www.biodiversite.net\/wp-content\/uploads\/2021\/05\/Biodiversite_logo_final_Couleur_blanc.png","width":700,"height":535,"caption":"Mus\u00e9e de la biodiversit\u00e9 du Qu\u00e9bec"},"image":{"@id":"https:\/\/www.biodiversite.net\/en\/#\/schema\/logo\/image\/"}}]}},"_links":{"self":[{"href":"https:\/\/www.biodiversite.net\/en\/wp-json\/wp\/v2\/pages\/15419","targetHints":{"allow":["GET"]}}],"collection":[{"href":"https:\/\/www.biodiversite.net\/en\/wp-json\/wp\/v2\/pages"}],"about":[{"href":"https:\/\/www.biodiversite.net\/en\/wp-json\/wp\/v2\/types\/page"}],"author":[{"embeddable":true,"href":"https:\/\/www.biodiversite.net\/en\/wp-json\/wp\/v2\/users\/1"}],"replies":[{"embeddable":true,"href":"https:\/\/www.biodiversite.net\/en\/wp-json\/wp\/v2\/comments?post=15419"}],"version-history":[{"count":1,"href":"https:\/\/www.biodiversite.net\/en\/wp-json\/wp\/v2\/pages\/15419\/revisions"}],"predecessor-version":[{"id":15420,"href":"https:\/\/www.biodiversite.net\/en\/wp-json\/wp\/v2\/pages\/15419\/revisions\/15420"}],"wp:attachment":[{"href":"https:\/\/www.biodiversite.net\/en\/wp-json\/wp\/v2\/media?parent=15419"}],"curies":[{"name":"wp","href":"https:\/\/api.w.org\/{rel}","templated":true}]}}